{"id":7573,"date":"2021-04-13T19:17:50","date_gmt":"2021-04-13T17:17:50","guid":{"rendered":"http:\/\/2021.favorite-mainz.de\/?page_id=7573"},"modified":"2025-02-13T21:22:37","modified_gmt":"2025-02-13T20:22:37","slug":"gaeste-information-kontakt","status":"publish","type":"page","link":"https:\/\/www.favorite-mainz.de\/en\/gaeste-information-kontakt\/","title":{"rendered":"G\u00e4ste Information &#8211; Kontakt"},"content":{"rendered":"\t\t<div data-elementor-type=\"wp-page\" data-elementor-id=\"7573\" class=\"elementor elementor-7573\" data-elementor-settings=\"{&quot;ha_cmc_init_switcher&quot;:&quot;no&quot;}\" data-elementor-post-type=\"page\">\n\t\t\t\t\t\t<section class=\"elementor-section elementor-top-section elementor-element elementor-element-52a38bd elementor-section-boxed elementor-section-height-default elementor-section-height-default\" data-id=\"52a38bd\" data-element_type=\"section\" data-e-type=\"section\" data-settings=\"{&quot;_ha_eqh_enable&quot;:false}\">\n\t\t\t\t\t\t<div class=\"elementor-container elementor-column-gap-default\">\n\t\t\t\t\t<div class=\"elementor-column elementor-col-100 elementor-top-column elementor-element elementor-element-f474e52\" data-id=\"f474e52\" data-element_type=\"column\" data-e-type=\"column\">\n\t\t\t<div class=\"elementor-widget-wrap elementor-element-populated\">\n\t\t\t\t\t\t<div class=\"elementor-element elementor-element-37e0cec elementor-widget elementor-widget-heading\" data-id=\"37e0cec\" data-element_type=\"widget\" data-e-type=\"widget\" data-widget_type=\"heading.default\">\n\t\t\t\t<div class=\"elementor-widget-container\">\n\t\t\t\t\t<h1 class=\"elementor-heading-title elementor-size-default\">Haben Sie Fragen?<\/h1>\t\t\t\t<\/div>\n\t\t\t\t<\/div>\n\t\t\t\t<div class=\"elementor-element elementor-element-aa55b47 elementor-button-align-end elementor-widget elementor-widget-form\" data-id=\"aa55b47\" data-element_type=\"widget\" data-e-type=\"widget\" data-settings=\"{&quot;step_next_label&quot;:&quot;Next&quot;,&quot;step_previous_label&quot;:&quot;Previous&quot;,&quot;button_width&quot;:&quot;30&quot;,&quot;step_icon_shape&quot;:&quot;none&quot;,&quot;step_type&quot;:&quot;number_text&quot;}\" data-widget_type=\"form.default\">\n\t\t\t\t<div class=\"elementor-widget-container\">\n\t\t\t\t\t\t\t<form class=\"elementor-form\" method=\"post\" name=\"Kontaktformular\" aria-label=\"Kontaktformular\">\n\t\t\t<input type=\"hidden\" name=\"post_id\" value=\"7573\"\/>\n\t\t\t<input type=\"hidden\" name=\"form_id\" value=\"aa55b47\"\/>\n\t\t\t<input type=\"hidden\" name=\"referer_title\" value=\"\" \/>\n\n\t\t\t\n\t\t\t<div class=\"elementor-form-fields-wrapper elementor-labels-\">\n\t\t\t\t\t\t\t\t<div class=\"elementor-field-type-text elementor-field-group elementor-column elementor-field-group-nachname elementor-col-33 elementor-field-required\">\n\t\t\t\t\t\t\t\t\t\t\t\t<label for=\"form-field-nachname\" class=\"elementor-field-label elementor-screen-only\">\n\t\t\t\t\t\t\t\tName\t\t\t\t\t\t\t<\/label>\n\t\t\t\t\t\t\t\t\t\t\t\t\t\t<input size=\"1\" type=\"text\" name=\"form_fields[nachname]\" id=\"form-field-nachname\" class=\"elementor-field elementor-size-xs  elementor-field-textual\" placeholder=\"Name\" required=\"required\">\n\t\t\t\t\t\t\t\t\t\t\t<\/div>\n\t\t\t\t\t\t\t\t<div class=\"elementor-field-type-email elementor-field-group elementor-column elementor-field-group-email elementor-col-33 elementor-field-required\">\n\t\t\t\t\t\t\t\t\t\t\t\t<label for=\"form-field-email\" class=\"elementor-field-label elementor-screen-only\">\n\t\t\t\t\t\t\t\tE-Mail\t\t\t\t\t\t\t<\/label>\n\t\t\t\t\t\t\t\t\t\t\t\t\t\t<input size=\"1\" type=\"email\" name=\"form_fields[email]\" id=\"form-field-email\" class=\"elementor-field elementor-size-xs  elementor-field-textual\" placeholder=\"E-Mail\" required=\"required\">\n\t\t\t\t\t\t\t\t\t\t\t<\/div>\n\t\t\t\t\t\t\t\t<div class=\"elementor-field-type-text elementor-field-group elementor-column elementor-field-group-nachricht elementor-col-33 elementor-field-required\">\n\t\t\t\t\t\t\t\t\t\t\t\t<label for=\"form-field-nachricht\" class=\"elementor-field-label elementor-screen-only\">\n\t\t\t\t\t\t\t\tIhre Nachricht\t\t\t\t\t\t\t<\/label>\n\t\t\t\t\t\t\t\t\t\t\t\t\t\t<input size=\"1\" type=\"text\" name=\"form_fields[nachricht]\" id=\"form-field-nachricht\" class=\"elementor-field elementor-size-xs  elementor-field-textual\" placeholder=\"Nachricht\" required=\"required\">\n\t\t\t\t\t\t\t\t\t\t\t<\/div>\n\t\t\t\t\t\t\t\t<div class=\"elementor-field-type-acceptance elementor-field-group elementor-column elementor-field-group-field_cfdc73b elementor-col-60 elementor-field-required\">\n\t\t\t\t\t\t\t<div class=\"elementor-field-subgroup\">\n\t\t\t<span class=\"elementor-field-option\">\n\t\t\t\t<input type=\"checkbox\" name=\"form_fields[field_cfdc73b]\" id=\"form-field-field_cfdc73b\" class=\"elementor-field elementor-size-xs  elementor-acceptance-field\" required=\"required\">\n\t\t\t\t<label for=\"form-field-field_cfdc73b\">Ich stimme zu, dass meine Angaben aus dem Kontaktformular zur Beantwortung meiner Anfrage erhoben und verarbeitet werden. Die Daten werden nach abgeschlossener Bearbeitung der Anfrage gel\u00f6scht. Hinweis: Sie k\u00f6nnen Ihre Einwilligung jederzeit f\u00fcr die Zukunft per E-Mail widerrufen. Detaillierte Informationen zum Umgang mit Nutzerdaten finden Sie in unserer <a href=\"\/datenschutz\/\">Datenschutzerkl\u00e4rung.<\/a><\/label>\t\t\t<\/span>\n\t\t<\/div>\n\t\t\t\t\t\t<\/div>\n\t\t\t\t\t\t\t\t<div class=\"elementor-field-group elementor-column elementor-field-type-submit elementor-col-30 e-form__buttons\">\n\t\t\t\t\t<button class=\"elementor-button elementor-size-xl\" type=\"submit\">\n\t\t\t\t\t\t<span class=\"elementor-button-content-wrapper\">\n\t\t\t\t\t\t\t\t\t\t\t\t\t\t\t\t\t\t\t\t\t\t<span class=\"elementor-button-text\">Senden<\/span>\n\t\t\t\t\t\t\t\t\t\t\t\t\t<\/span>\n\t\t\t\t\t<\/button>\n\t\t\t\t<\/div>\n\t\t\t<\/div>\n\t\t<\/form>\n\t\t\t\t\t\t<\/div>\n\t\t\t\t<\/div>\n\t\t\t\t\t<\/div>\n\t\t<\/div>\n\t\t\t\t\t<\/div>\n\t\t<\/section>\n\t\t\t\t<\/div>\n\t\t","protected":false},"excerpt":{"rendered":"<p>Do you have any questions?<\/p>","protected":false},"author":5,"featured_media":0,"parent":0,"menu_order":63,"comment_status":"closed","ping_status":"closed","template":"","meta":{"footnotes":""},"class_list":["post-7573","page","type-page","status-publish","hentry"],"_links":{"self":[{"href":"https:\/\/www.favorite-mainz.de\/en\/wp-json\/wp\/v2\/pages\/7573","targetHints":{"allow":["GET"]}}],"collection":[{"href":"https:\/\/www.favorite-mainz.de\/en\/wp-json\/wp\/v2\/pages"}],"about":[{"href":"https:\/\/www.favorite-mainz.de\/en\/wp-json\/wp\/v2\/types\/page"}],"author":[{"embeddable":true,"href":"https:\/\/www.favorite-mainz.de\/en\/wp-json\/wp\/v2\/users\/5"}],"replies":[{"embeddable":true,"href":"https:\/\/www.favorite-mainz.de\/en\/wp-json\/wp\/v2\/comments?post=7573"}],"version-history":[{"count":16,"href":"https:\/\/www.favorite-mainz.de\/en\/wp-json\/wp\/v2\/pages\/7573\/revisions"}],"predecessor-version":[{"id":28175,"href":"https:\/\/www.favorite-mainz.de\/en\/wp-json\/wp\/v2\/pages\/7573\/revisions\/28175"}],"wp:attachment":[{"href":"https:\/\/www.favorite-mainz.de\/en\/wp-json\/wp\/v2\/media?parent=7573"}],"curies":[{"name":"wp","href":"https:\/\/api.w.org\/{rel}","templated":true}]}}