{"id":6313,"date":"2021-03-19T15:39:28","date_gmt":"2021-03-19T14:39:28","guid":{"rendered":"http:\/\/2021.favorite-mainz.de\/?page_id=6313"},"modified":"2025-04-30T06:11:05","modified_gmt":"2025-04-30T04:11:05","slug":"news","status":"publish","type":"page","link":"https:\/\/www.favorite-mainz.de\/en\/news\/","title":{"rendered":"News"},"content":{"rendered":"<div data-elementor-type=\"wp-page\" data-elementor-id=\"6313\" class=\"elementor elementor-6313\" data-elementor-settings=\"{&quot;ha_cmc_init_switcher&quot;:&quot;no&quot;}\" data-elementor-post-type=\"page\">\n\t\t\t\t\t\t<section class=\"elementor-section elementor-top-section elementor-element elementor-element-1682ff3 elementor-section-full_width elementor-section-height-min-height elementor-section-content-space-evenly elementor-section-height-default elementor-section-items-middle\" data-id=\"1682ff3\" data-element_type=\"section\" data-e-type=\"section\" id=\"pagetop\" data-settings=\"{&quot;background_background&quot;:&quot;classic&quot;,&quot;_ha_eqh_enable&quot;:false}\">\n\t\t\t\t\t\t\t<div class=\"elementor-background-overlay\"><\/div>\n\t\t\t\t\t\t\t<div class=\"elementor-container elementor-column-gap-no\">\n\t\t\t\t\t<div class=\"elementor-column elementor-col-100 elementor-top-column elementor-element elementor-element-1eb9c7a\" data-id=\"1eb9c7a\" data-element_type=\"column\" data-e-type=\"column\">\n\t\t\t<div class=\"elementor-widget-wrap elementor-element-populated\">\n\t\t\t\t\t\t<div class=\"elementor-element elementor-element-af2e5e3 ha-has-bg-overlay elementor-widget elementor-widget-heading\" data-id=\"af2e5e3\" data-element_type=\"widget\" data-e-type=\"widget\" data-widget_type=\"heading.default\">\n\t\t\t\t<div class=\"elementor-widget-container\">\n\t\t\t\t\t<h1 class=\"elementor-heading-title elementor-size-default\">Bleiben Sie mit unseren<br> News auf dem Laufendem<\/h1>\t\t\t\t<\/div>\n\t\t\t\t<\/div>\n\t\t\t\t\t<\/div>\n\t\t<\/div>\n\t\t\t\t\t<\/div>\n\t\t<\/section>\n\t\t\t\t<section class=\"elementor-section elementor-top-section elementor-element elementor-element-29eeac9 elementor-section-height-min-height elementor-section-boxed elementor-section-height-default elementor-section-items-middle\" data-id=\"29eeac9\" data-element_type=\"section\" data-e-type=\"section\" data-settings=\"{&quot;background_background&quot;:&quot;classic&quot;,&quot;_ha_eqh_enable&quot;:false}\">\n\t\t\t\t\t\t\t<div class=\"elementor-background-overlay\"><\/div>\n\t\t\t\t\t\t\t<div class=\"elementor-container elementor-column-gap-default\">\n\t\t\t\t\t<div class=\"elementor-column elementor-col-100 elementor-top-column elementor-element elementor-element-fe4b7a4\" data-id=\"fe4b7a4\" data-element_type=\"column\" data-e-type=\"column\">\n\t\t\t<div class=\"elementor-widget-wrap elementor-element-populated\">\n\t\t\t\t\t\t<div class=\"elementor-element elementor-element-590722c elementor-widget elementor-widget-spacer\" data-id=\"590722c\" data-element_type=\"widget\" data-e-type=\"widget\" data-widget_type=\"spacer.default\">\n\t\t\t\t<div class=\"elementor-widget-container\">\n\t\t\t\t\t\t\t<div class=\"elementor-spacer\">\n\t\t\t<div class=\"elementor-spacer-inner\"><\/div>\n\t\t<\/div>\n\t\t\t\t\t\t<\/div>\n\t\t\t\t<\/div>\n\t\t\t\t<div class=\"elementor-element elementor-element-ccd1d83 elementor-grid-3 elementor-grid-tablet-2 elementor-grid-mobile-1 elementor-posts--thumbnail-top elementor-widget elementor-widget-posts\" data-id=\"ccd1d83\" data-element_type=\"widget\" data-e-type=\"widget\" data-settings=\"{&quot;pagination_type&quot;:&quot;numbers&quot;,&quot;classic_columns&quot;:&quot;3&quot;,&quot;classic_columns_tablet&quot;:&quot;2&quot;,&quot;classic_columns_mobile&quot;:&quot;1&quot;,&quot;classic_row_gap&quot;:{&quot;unit&quot;:&quot;px&quot;,&quot;size&quot;:35,&quot;sizes&quot;:[]},&quot;classic_row_gap_tablet&quot;:{&quot;unit&quot;:&quot;px&quot;,&quot;size&quot;:&quot;&quot;,&quot;sizes&quot;:[]},&quot;classic_row_gap_mobile&quot;:{&quot;unit&quot;:&quot;px&quot;,&quot;size&quot;:&quot;&quot;,&quot;sizes&quot;:[]}}\" data-widget_type=\"posts.classic\">\n\t\t\t\t<div class=\"elementor-widget-container\">\n\t\t\t\t\t\t\t<div class=\"elementor-posts-container elementor-posts elementor-posts--skin-classic elementor-grid\" role=\"list\">\n\t\t\t\t<article class=\"elementor-post elementor-grid-item post-31847 post type-post status-publish format-standard has-post-thumbnail hentry category-allgemein\" role=\"listitem\">\n\t\t\t\t<a class=\"elementor-post__thumbnail__link\" href=\"https:\/\/www.favorite-mainz.de\/en\/tagungsraum-mieten-im-rheingau-der-fuerst-von-metternich-saal-auf-schloss-johannisberg\/\" tabindex=\"-1\" >\n\t\t\t<div class=\"elementor-post__thumbnail\"><img decoding=\"async\" width=\"300\" height=\"135\" src=\"https:\/\/www.favorite-mainz.de\/wp-content\/uploads\/2025\/05\/Konferenz-300x135.webp\" class=\"attachment-medium size-medium wp-image-28673\" alt=\"Konferenzraum im Schloss Johannisberg\" srcset=\"https:\/\/www.favorite-mainz.de\/wp-content\/uploads\/2025\/05\/Konferenz-300x135.webp 300w, https:\/\/www.favorite-mainz.de\/wp-content\/uploads\/2025\/05\/Konferenz-1024x462.webp 1024w, https:\/\/www.favorite-mainz.de\/wp-content\/uploads\/2025\/05\/Konferenz-768x347.webp 768w, https:\/\/www.favorite-mainz.de\/wp-content\/uploads\/2025\/05\/Konferenz-18x8.webp 18w, https:\/\/www.favorite-mainz.de\/wp-content\/uploads\/2025\/05\/Konferenz.webp 1240w\" sizes=\"(max-width: 300px) 100vw, 300px\" \/><\/div>\n\t\t<\/a>\n\t\t\t\t<div class=\"elementor-post__text\">\n\t\t\t\t<h2 class=\"elementor-post__title\">\n\t\t\t<a href=\"https:\/\/www.favorite-mainz.de\/en\/tagungsraum-mieten-im-rheingau-der-fuerst-von-metternich-saal-auf-schloss-johannisberg\/\" >\n\t\t\t\tTagungsraum mieten im Rheingau: der F\u00fcrst von Metternich Saal auf Schloss Johannisberg\t\t\t<\/a>\n\t\t<\/h2>\n\t\t\t\t<div class=\"elementor-post__meta-data\">\n\t\t\t\t\t<span class=\"elementor-post-date\">\n\t\t\t22. April 2026\t\t<\/span>\n\t\t\t\t<\/div>\n\t\t\n\t\t<a class=\"elementor-post__read-more\" href=\"https:\/\/www.favorite-mainz.de\/en\/tagungsraum-mieten-im-rheingau-der-fuerst-von-metternich-saal-auf-schloss-johannisberg\/\" aria-label=\"Read more about Tagungsraum mieten im Rheingau: der F\u00fcrst von Metternich Saal auf Schloss Johannisberg\" tabindex=\"-1\" >\n\t\t\tLearn more\t\t<\/a>\n\n\t\t\t\t<\/div>\n\t\t\t\t<\/article>\n\t\t\t\t<article class=\"elementor-post elementor-grid-item post-31730 post type-post status-publish format-standard has-post-thumbnail hentry category-allgemein category-genuss-kulinarik\" role=\"listitem\">\n\t\t\t\t<a class=\"elementor-post__thumbnail__link\" href=\"https:\/\/www.favorite-mainz.de\/en\/big-bottle-party-in-der-favorite-weinbar\/\" tabindex=\"-1\" >\n\t\t\t<div class=\"elementor-post__thumbnail\"><img fetchpriority=\"high\" decoding=\"async\" width=\"240\" height=\"300\" src=\"https:\/\/www.favorite-mainz.de\/wp-content\/uploads\/2026\/04\/bigbottleparty-winzer-240x300.png\" class=\"attachment-medium size-medium wp-image-31756\" alt=\"\" srcset=\"https:\/\/www.favorite-mainz.de\/wp-content\/uploads\/2026\/04\/bigbottleparty-winzer-240x300.png 240w, https:\/\/www.favorite-mainz.de\/wp-content\/uploads\/2026\/04\/bigbottleparty-winzer-819x1024.png 819w, https:\/\/www.favorite-mainz.de\/wp-content\/uploads\/2026\/04\/bigbottleparty-winzer-768x960.png 768w, https:\/\/www.favorite-mainz.de\/wp-content\/uploads\/2026\/04\/bigbottleparty-winzer-10x12.png 10w, https:\/\/www.favorite-mainz.de\/wp-content\/uploads\/2026\/04\/bigbottleparty-winzer.png 1080w\" sizes=\"(max-width: 240px) 100vw, 240px\" \/><\/div>\n\t\t<\/a>\n\t\t\t\t<div class=\"elementor-post__text\">\n\t\t\t\t<h2 class=\"elementor-post__title\">\n\t\t\t<a href=\"https:\/\/www.favorite-mainz.de\/en\/big-bottle-party-in-der-favorite-weinbar\/\" >\n\t\t\t\tWein-Event Mainz: Big Bottle Party in der Favorite Weinbar\t\t\t<\/a>\n\t\t<\/h2>\n\t\t\t\t<div class=\"elementor-post__meta-data\">\n\t\t\t\t\t<span class=\"elementor-post-date\">\n\t\t\t14. April 2026\t\t<\/span>\n\t\t\t\t<\/div>\n\t\t\n\t\t<a class=\"elementor-post__read-more\" href=\"https:\/\/www.favorite-mainz.de\/en\/big-bottle-party-in-der-favorite-weinbar\/\" aria-label=\"Read more about Wein-Event Mainz: Big Bottle Party in der Favorite Weinbar\" tabindex=\"-1\" >\n\t\t\tLearn more\t\t<\/a>\n\n\t\t\t\t<\/div>\n\t\t\t\t<\/article>\n\t\t\t\t<article class=\"elementor-post elementor-grid-item post-31668 post type-post status-publish format-standard hentry category-allgemein category-genuss-kulinarik\" role=\"listitem\">\n\t\t\t\t<div class=\"elementor-post__text\">\n\t\t\t\t<h2 class=\"elementor-post__title\">\n\t\t\t<a href=\"https:\/\/www.favorite-mainz.de\/en\/sommerparty-auf-dem-hofgut-laubenheimer-hoehe\/\" >\n\t\t\t\tSommerparty auf dem Hofgut Laubenheimer H\u00f6he\t\t\t<\/a>\n\t\t<\/h2>\n\t\t\t\t<div class=\"elementor-post__meta-data\">\n\t\t\t\t\t<span class=\"elementor-post-date\">\n\t\t\t7. April 2026\t\t<\/span>\n\t\t\t\t<\/div>\n\t\t\n\t\t<a class=\"elementor-post__read-more\" href=\"https:\/\/www.favorite-mainz.de\/en\/sommerparty-auf-dem-hofgut-laubenheimer-hoehe\/\" aria-label=\"Read more about Sommerparty auf dem Hofgut Laubenheimer H\u00f6he\" tabindex=\"-1\" >\n\t\t\tLearn more\t\t<\/a>\n\n\t\t\t\t<\/div>\n\t\t\t\t<\/article>\n\t\t\t\t<article class=\"elementor-post elementor-grid-item post-31484 post type-post status-publish format-standard has-post-thumbnail hentry category-allgemein category-genuss-kulinarik\" role=\"listitem\">\n\t\t\t\t<a class=\"elementor-post__thumbnail__link\" href=\"https:\/\/www.favorite-mainz.de\/en\/ostern-in-der-favorite\/\" tabindex=\"-1\" >\n\t\t\t<div class=\"elementor-post__thumbnail\"><img decoding=\"async\" width=\"300\" height=\"200\" src=\"https:\/\/www.favorite-mainz.de\/wp-content\/uploads\/2022\/05\/7R2A5029-Bearbeitet-min-300x200.jpg\" class=\"attachment-medium size-medium wp-image-18632\" alt=\"Erwachsene auf der Terrasse des Hofgutes Laubenheimer H\u00f6he\" srcset=\"https:\/\/www.favorite-mainz.de\/wp-content\/uploads\/2022\/05\/7R2A5029-Bearbeitet-min-300x200.jpg 300w, https:\/\/www.favorite-mainz.de\/wp-content\/uploads\/2022\/05\/7R2A5029-Bearbeitet-min-1024x683.jpg 1024w, https:\/\/www.favorite-mainz.de\/wp-content\/uploads\/2022\/05\/7R2A5029-Bearbeitet-min-768x512.jpg 768w, https:\/\/www.favorite-mainz.de\/wp-content\/uploads\/2022\/05\/7R2A5029-Bearbeitet-min-1536x1024.jpg 1536w, https:\/\/www.favorite-mainz.de\/wp-content\/uploads\/2022\/05\/7R2A5029-Bearbeitet-min-2048x1365.jpg 2048w, https:\/\/www.favorite-mainz.de\/wp-content\/uploads\/2022\/05\/7R2A5029-Bearbeitet-min-18x12.jpg 18w, https:\/\/www.favorite-mainz.de\/wp-content\/uploads\/2022\/05\/elementor\/thumbs\/7R2A5029-Bearbeitet-min-scaled-ppby2xzgz2a1bjfgjgwl247i6by9obtfmomrgwaqje.jpg 445w\" sizes=\"(max-width: 300px) 100vw, 300px\" \/><\/div>\n\t\t<\/a>\n\t\t\t\t<div class=\"elementor-post__text\">\n\t\t\t\t<h2 class=\"elementor-post__title\">\n\t\t\t<a href=\"https:\/\/www.favorite-mainz.de\/en\/ostern-in-der-favorite\/\" >\n\t\t\t\tOstern in der Favorite\t\t\t<\/a>\n\t\t<\/h2>\n\t\t\t\t<div class=\"elementor-post__meta-data\">\n\t\t\t\t\t<span class=\"elementor-post-date\">\n\t\t\t16. March 2026\t\t<\/span>\n\t\t\t\t<\/div>\n\t\t\n\t\t<a class=\"elementor-post__read-more\" href=\"https:\/\/www.favorite-mainz.de\/en\/ostern-in-der-favorite\/\" aria-label=\"Read more about Ostern in der Favorite\" tabindex=\"-1\" >\n\t\t\tLearn more\t\t<\/a>\n\n\t\t\t\t<\/div>\n\t\t\t\t<\/article>\n\t\t\t\t<article class=\"elementor-post elementor-grid-item post-31192 post type-post status-publish format-standard has-post-thumbnail hentry category-allgemein\" role=\"listitem\">\n\t\t\t\t<a class=\"elementor-post__thumbnail__link\" href=\"https:\/\/www.favorite-mainz.de\/en\/mehrtaegige-konferenzen-optimal-planen-vom-tagungsraum-bis-zur-abendgestaltung\/\" tabindex=\"-1\" >\n\t\t\t<div class=\"elementor-post__thumbnail\"><img loading=\"lazy\" decoding=\"async\" width=\"300\" height=\"199\" src=\"https:\/\/www.favorite-mainz.de\/wp-content\/uploads\/2021\/02\/tagungen-300x199.jpg\" class=\"attachment-medium size-medium wp-image-974\" alt=\"Tagungen im Hotel\" srcset=\"https:\/\/www.favorite-mainz.de\/wp-content\/uploads\/2021\/02\/tagungen-300x199.jpg 300w, https:\/\/www.favorite-mainz.de\/wp-content\/uploads\/2021\/02\/tagungen-768x509.jpg 768w, https:\/\/www.favorite-mainz.de\/wp-content\/uploads\/2021\/02\/tagungen.jpg 800w\" sizes=\"(max-width: 300px) 100vw, 300px\" \/><\/div>\n\t\t<\/a>\n\t\t\t\t<div class=\"elementor-post__text\">\n\t\t\t\t<h2 class=\"elementor-post__title\">\n\t\t\t<a href=\"https:\/\/www.favorite-mainz.de\/en\/mehrtaegige-konferenzen-optimal-planen-vom-tagungsraum-bis-zur-abendgestaltung\/\" >\n\t\t\t\tMehrt\u00e4gige Konferenzen optimal planen: Vom Tagungsraum bis zur Abendgestaltung\t\t\t<\/a>\n\t\t<\/h2>\n\t\t\t\t<div class=\"elementor-post__meta-data\">\n\t\t\t\t\t<span class=\"elementor-post-date\">\n\t\t\t16. February 2026\t\t<\/span>\n\t\t\t\t<\/div>\n\t\t\n\t\t<a class=\"elementor-post__read-more\" href=\"https:\/\/www.favorite-mainz.de\/en\/mehrtaegige-konferenzen-optimal-planen-vom-tagungsraum-bis-zur-abendgestaltung\/\" aria-label=\"Read more about Mehrt\u00e4gige Konferenzen optimal planen: Vom Tagungsraum bis zur Abendgestaltung\" tabindex=\"-1\" >\n\t\t\tLearn more\t\t<\/a>\n\n\t\t\t\t<\/div>\n\t\t\t\t<\/article>\n\t\t\t\t<article class=\"elementor-post elementor-grid-item post-31090 post type-post status-publish format-standard has-post-thumbnail hentry category-allgemein category-genuss-kulinarik\" role=\"listitem\">\n\t\t\t\t<a class=\"elementor-post__thumbnail__link\" href=\"https:\/\/www.favorite-mainz.de\/en\/valentinstag-in-mainz-4-gaenge-menue-auf-schloss-johannisberg-hofgut-weinbar\/\" tabindex=\"-1\" >\n\t\t\t<div class=\"elementor-post__thumbnail\"><img loading=\"lazy\" decoding=\"async\" width=\"300\" height=\"200\" src=\"https:\/\/www.favorite-mainz.de\/wp-content\/uploads\/2023\/11\/IMG_5278-300x200.png\" class=\"attachment-medium size-medium wp-image-22164\" alt=\"\" srcset=\"https:\/\/www.favorite-mainz.de\/wp-content\/uploads\/2023\/11\/IMG_5278-300x200.png 300w, https:\/\/www.favorite-mainz.de\/wp-content\/uploads\/2023\/11\/IMG_5278-1024x683.png 1024w, https:\/\/www.favorite-mainz.de\/wp-content\/uploads\/2023\/11\/IMG_5278-768x512.png 768w, https:\/\/www.favorite-mainz.de\/wp-content\/uploads\/2023\/11\/IMG_5278-1536x1024.png 1536w, https:\/\/www.favorite-mainz.de\/wp-content\/uploads\/2023\/11\/IMG_5278-2048x1365.png 2048w, https:\/\/www.favorite-mainz.de\/wp-content\/uploads\/2023\/11\/IMG_5278-18x12.png 18w\" sizes=\"(max-width: 300px) 100vw, 300px\" \/><\/div>\n\t\t<\/a>\n\t\t\t\t<div class=\"elementor-post__text\">\n\t\t\t\t<h2 class=\"elementor-post__title\">\n\t\t\t<a href=\"https:\/\/www.favorite-mainz.de\/en\/valentinstag-in-mainz-4-gaenge-menue-auf-schloss-johannisberg-hofgut-weinbar\/\" >\n\t\t\t\tValentinstag in Mainz: 4-G\u00e4nge-Men\u00fc auf Schloss Johannisberg, Hofgut &#038; Weinbar\t\t\t<\/a>\n\t\t<\/h2>\n\t\t\t\t<div class=\"elementor-post__meta-data\">\n\t\t\t\t\t<span class=\"elementor-post-date\">\n\t\t\t3. February 2026\t\t<\/span>\n\t\t\t\t<\/div>\n\t\t\n\t\t<a class=\"elementor-post__read-more\" href=\"https:\/\/www.favorite-mainz.de\/en\/valentinstag-in-mainz-4-gaenge-menue-auf-schloss-johannisberg-hofgut-weinbar\/\" aria-label=\"Read more about Valentinstag in Mainz: 4-G\u00e4nge-Men\u00fc auf Schloss Johannisberg, Hofgut &#038; Weinbar\" tabindex=\"-1\" >\n\t\t\tLearn more\t\t<\/a>\n\n\t\t\t\t<\/div>\n\t\t\t\t<\/article>\n\t\t\t\t<article class=\"elementor-post elementor-grid-item post-30937 post type-post status-publish format-standard has-post-thumbnail hentry category-allgemein\" role=\"listitem\">\n\t\t\t\t<a class=\"elementor-post__thumbnail__link\" href=\"https:\/\/www.favorite-mainz.de\/en\/festlich-geniessen-so-gelingt-das-perfekte-menue-fuer-die-firmenfeier\/\" tabindex=\"-1\" >\n\t\t\t<div class=\"elementor-post__thumbnail\"><img loading=\"lazy\" decoding=\"async\" width=\"300\" height=\"200\" src=\"https:\/\/www.favorite-mainz.de\/wp-content\/uploads\/2025\/10\/SJhummer_97A9769a-300x200.jpg\" class=\"attachment-medium size-medium wp-image-30247\" alt=\"\" srcset=\"https:\/\/www.favorite-mainz.de\/wp-content\/uploads\/2025\/10\/SJhummer_97A9769a-300x200.jpg 300w, https:\/\/www.favorite-mainz.de\/wp-content\/uploads\/2025\/10\/SJhummer_97A9769a-1024x683.jpg 1024w, https:\/\/www.favorite-mainz.de\/wp-content\/uploads\/2025\/10\/SJhummer_97A9769a-768x512.jpg 768w, https:\/\/www.favorite-mainz.de\/wp-content\/uploads\/2025\/10\/SJhummer_97A9769a-1536x1025.jpg 1536w, https:\/\/www.favorite-mainz.de\/wp-content\/uploads\/2025\/10\/SJhummer_97A9769a-2048x1366.jpg 2048w, https:\/\/www.favorite-mainz.de\/wp-content\/uploads\/2025\/10\/SJhummer_97A9769a-18x12.jpg 18w\" sizes=\"(max-width: 300px) 100vw, 300px\" \/><\/div>\n\t\t<\/a>\n\t\t\t\t<div class=\"elementor-post__text\">\n\t\t\t\t<h2 class=\"elementor-post__title\">\n\t\t\t<a href=\"https:\/\/www.favorite-mainz.de\/en\/festlich-geniessen-so-gelingt-das-perfekte-menue-fuer-die-firmenfeier\/\" >\n\t\t\t\tFestlich genie\u00dfen \u2013 so gelingt das perfekte Men\u00fc f\u00fcr die Firmenfeier\t\t\t<\/a>\n\t\t<\/h2>\n\t\t\t\t<div class=\"elementor-post__meta-data\">\n\t\t\t\t\t<span class=\"elementor-post-date\">\n\t\t\t23. January 2026\t\t<\/span>\n\t\t\t\t<\/div>\n\t\t\n\t\t<a class=\"elementor-post__read-more\" href=\"https:\/\/www.favorite-mainz.de\/en\/festlich-geniessen-so-gelingt-das-perfekte-menue-fuer-die-firmenfeier\/\" aria-label=\"Read more about Festlich genie\u00dfen \u2013 so gelingt das perfekte Men\u00fc f\u00fcr die Firmenfeier\" tabindex=\"-1\" >\n\t\t\tLearn more\t\t<\/a>\n\n\t\t\t\t<\/div>\n\t\t\t\t<\/article>\n\t\t\t\t<article class=\"elementor-post elementor-grid-item post-30924 post type-post status-publish format-standard has-post-thumbnail hentry category-allgemein\" role=\"listitem\">\n\t\t\t\t<a class=\"elementor-post__thumbnail__link\" href=\"https:\/\/www.favorite-mainz.de\/en\/ein-tag-im-spa-ultimative-erholung-im-favorite-parkhotel-mainz\/\" tabindex=\"-1\" >\n\t\t\t<div class=\"elementor-post__thumbnail\"><img loading=\"lazy\" decoding=\"async\" width=\"300\" height=\"200\" src=\"https:\/\/www.favorite-mainz.de\/wp-content\/uploads\/2024\/01\/hot-stone-massage-in-mainz-adobe-lightfieldstudios-300x200.jpeg\" class=\"attachment-medium size-medium wp-image-22609\" alt=\"Hot Stone Massage im Wellnesshotel in Mainz\" srcset=\"https:\/\/www.favorite-mainz.de\/wp-content\/uploads\/2024\/01\/hot-stone-massage-in-mainz-adobe-lightfieldstudios-300x200.jpeg 300w, https:\/\/www.favorite-mainz.de\/wp-content\/uploads\/2024\/01\/hot-stone-massage-in-mainz-adobe-lightfieldstudios-18x12.jpeg 18w, https:\/\/www.favorite-mainz.de\/wp-content\/uploads\/2024\/01\/hot-stone-massage-in-mainz-adobe-lightfieldstudios.jpeg 600w\" sizes=\"(max-width: 300px) 100vw, 300px\" \/><\/div>\n\t\t<\/a>\n\t\t\t\t<div class=\"elementor-post__text\">\n\t\t\t\t<h2 class=\"elementor-post__title\">\n\t\t\t<a href=\"https:\/\/www.favorite-mainz.de\/en\/ein-tag-im-spa-ultimative-erholung-im-favorite-parkhotel-mainz\/\" >\n\t\t\t\tEin Tag im Spa: Ultimative Erholung im FAVORITE Parkhotel Mainz\t\t\t<\/a>\n\t\t<\/h2>\n\t\t\t\t<div class=\"elementor-post__meta-data\">\n\t\t\t\t\t<span class=\"elementor-post-date\">\n\t\t\t16. January 2026\t\t<\/span>\n\t\t\t\t<\/div>\n\t\t\n\t\t<a class=\"elementor-post__read-more\" href=\"https:\/\/www.favorite-mainz.de\/en\/ein-tag-im-spa-ultimative-erholung-im-favorite-parkhotel-mainz\/\" aria-label=\"Read more about Ein Tag im Spa: Ultimative Erholung im FAVORITE Parkhotel Mainz\" tabindex=\"-1\" >\n\t\t\tLearn more\t\t<\/a>\n\n\t\t\t\t<\/div>\n\t\t\t\t<\/article>\n\t\t\t\t<article class=\"elementor-post elementor-grid-item post-30867 post type-post status-publish format-standard has-post-thumbnail hentry category-allgemein\" role=\"listitem\">\n\t\t\t\t<a class=\"elementor-post__thumbnail__link\" href=\"https:\/\/www.favorite-mainz.de\/en\/ein-firmenevent-das-eindruck-macht-so-bleibt-ihre-veranstaltung-unvergessen\/\" tabindex=\"-1\" >\n\t\t\t<div class=\"elementor-post__thumbnail\"><img loading=\"lazy\" decoding=\"async\" width=\"300\" height=\"225\" src=\"https:\/\/www.favorite-mainz.de\/wp-content\/uploads\/2025\/05\/HZ-300x225.jpg\" class=\"attachment-medium size-medium wp-image-28700\" alt=\"F\u00fcrst von Metternich Saal f\u00fcr gesch\u00e4ftliche Veranstaltungen\" srcset=\"https:\/\/www.favorite-mainz.de\/wp-content\/uploads\/2025\/05\/HZ-300x225.jpg 300w, https:\/\/www.favorite-mainz.de\/wp-content\/uploads\/2025\/05\/HZ-1024x768.jpg 1024w, https:\/\/www.favorite-mainz.de\/wp-content\/uploads\/2025\/05\/HZ-768x576.jpg 768w, https:\/\/www.favorite-mainz.de\/wp-content\/uploads\/2025\/05\/HZ-1536x1152.jpg 1536w, https:\/\/www.favorite-mainz.de\/wp-content\/uploads\/2025\/05\/HZ-2048x1536.jpg 2048w, https:\/\/www.favorite-mainz.de\/wp-content\/uploads\/2025\/05\/HZ-16x12.jpg 16w\" sizes=\"(max-width: 300px) 100vw, 300px\" \/><\/div>\n\t\t<\/a>\n\t\t\t\t<div class=\"elementor-post__text\">\n\t\t\t\t<h2 class=\"elementor-post__title\">\n\t\t\t<a href=\"https:\/\/www.favorite-mainz.de\/en\/ein-firmenevent-das-eindruck-macht-so-bleibt-ihre-veranstaltung-unvergessen\/\" >\n\t\t\t\tEin Firmenevent, das Eindruck macht \u2013 so bleibt Ihre Veranstaltung unvergessen\t\t\t<\/a>\n\t\t<\/h2>\n\t\t\t\t<div class=\"elementor-post__meta-data\">\n\t\t\t\t\t<span class=\"elementor-post-date\">\n\t\t\t12. January 2026\t\t<\/span>\n\t\t\t\t<\/div>\n\t\t\n\t\t<a class=\"elementor-post__read-more\" href=\"https:\/\/www.favorite-mainz.de\/en\/ein-firmenevent-das-eindruck-macht-so-bleibt-ihre-veranstaltung-unvergessen\/\" aria-label=\"Read more about Ein Firmenevent, das Eindruck macht \u2013 so bleibt Ihre Veranstaltung unvergessen\" tabindex=\"-1\" >\n\t\t\tLearn more\t\t<\/a>\n\n\t\t\t\t<\/div>\n\t\t\t\t<\/article>\n\t\t\t\t<article class=\"elementor-post elementor-grid-item post-30602 post type-post status-publish format-standard has-post-thumbnail hentry category-allgemein\" role=\"listitem\">\n\t\t\t\t<a class=\"elementor-post__thumbnail__link\" href=\"https:\/\/www.favorite-mainz.de\/en\/geschaeftsreisen-nach-mainz-warum-das-favorite-parkhotel-die-perfekte-wahl-fuer-geschaeftsreisende-und-tagungsgaeste-ist\/\" tabindex=\"-1\" >\n\t\t\t<div class=\"elementor-post__thumbnail\"><img loading=\"lazy\" decoding=\"async\" width=\"300\" height=\"200\" src=\"https:\/\/www.favorite-mainz.de\/wp-content\/uploads\/2025\/05\/Tagungsraum-Favorite-300x200.jpg\" class=\"attachment-medium size-medium wp-image-28841\" alt=\"Gro\u00dfer Tagungsraum im FAVORITE Parkhotel\" srcset=\"https:\/\/www.favorite-mainz.de\/wp-content\/uploads\/2025\/05\/Tagungsraum-Favorite-300x200.jpg 300w, https:\/\/www.favorite-mainz.de\/wp-content\/uploads\/2025\/05\/Tagungsraum-Favorite-1024x683.jpg 1024w, https:\/\/www.favorite-mainz.de\/wp-content\/uploads\/2025\/05\/Tagungsraum-Favorite-768x512.jpg 768w, https:\/\/www.favorite-mainz.de\/wp-content\/uploads\/2025\/05\/Tagungsraum-Favorite-18x12.jpg 18w, https:\/\/www.favorite-mainz.de\/wp-content\/uploads\/2025\/05\/Tagungsraum-Favorite.jpg 1200w\" sizes=\"(max-width: 300px) 100vw, 300px\" \/><\/div>\n\t\t<\/a>\n\t\t\t\t<div class=\"elementor-post__text\">\n\t\t\t\t<h2 class=\"elementor-post__title\">\n\t\t\t<a href=\"https:\/\/www.favorite-mainz.de\/en\/geschaeftsreisen-nach-mainz-warum-das-favorite-parkhotel-die-perfekte-wahl-fuer-geschaeftsreisende-und-tagungsgaeste-ist\/\" >\n\t\t\t\tGesch\u00e4ftsreisen nach Mainz: Warum das Favorite Parkhotel die perfekte Wahl ist\t\t\t<\/a>\n\t\t<\/h2>\n\t\t\t\t<div class=\"elementor-post__meta-data\">\n\t\t\t\t\t<span class=\"elementor-post-date\">\n\t\t\t28. November 2025\t\t<\/span>\n\t\t\t\t<\/div>\n\t\t\n\t\t<a class=\"elementor-post__read-more\" href=\"https:\/\/www.favorite-mainz.de\/en\/geschaeftsreisen-nach-mainz-warum-das-favorite-parkhotel-die-perfekte-wahl-fuer-geschaeftsreisende-und-tagungsgaeste-ist\/\" aria-label=\"Read more about Gesch\u00e4ftsreisen nach Mainz: Warum das Favorite Parkhotel die perfekte Wahl ist\" tabindex=\"-1\" >\n\t\t\tLearn more\t\t<\/a>\n\n\t\t\t\t<\/div>\n\t\t\t\t<\/article>\n\t\t\t\t<\/div>\n\t\t\n\t\t\t\t<div class=\"e-load-more-anchor\" data-page=\"1\" data-max-page=\"5\" data-next-page=\"https:\/\/www.favorite-mainz.de\/en\/wp-json\/wp\/v2\/pages\/6313\/page\/2\/\"><\/div>\n\t\t\t\t<nav class=\"elementor-pagination\" aria-label=\"Pagination\">\n\t\t\t<span aria-current=\"page\" class=\"page-numbers current\"><span class=\"elementor-screen-only\">Page<\/span>1<\/span>\n<a class=\"page-numbers\" href=\"https:\/\/www.favorite-mainz.de\/en\/wp-json\/wp\/v2\/pages\/6313\/page\/2\/\"><span class=\"elementor-screen-only\">Page<\/span>2<\/a>\n<a class=\"page-numbers\" href=\"https:\/\/www.favorite-mainz.de\/en\/wp-json\/wp\/v2\/pages\/6313\/page\/3\/\"><span class=\"elementor-screen-only\">Page<\/span>3<\/a>\n<a class=\"page-numbers\" href=\"https:\/\/www.favorite-mainz.de\/en\/wp-json\/wp\/v2\/pages\/6313\/page\/4\/\"><span class=\"elementor-screen-only\">Page<\/span>4<\/a>\n<a class=\"page-numbers\" href=\"https:\/\/www.favorite-mainz.de\/en\/wp-json\/wp\/v2\/pages\/6313\/page\/5\/\"><span class=\"elementor-screen-only\">Page<\/span>5<\/a>\t\t<\/nav>\n\t\t\t\t\t\t<\/div>\n\t\t\t\t<\/div>\n\t\t\t\t\t<\/div>\n\t\t<\/div>\n\t\t\t\t\t<\/div>\n\t\t<\/section>\n\t\t\t\t<\/div>","protected":false},"excerpt":{"rendered":"<p>Bleiben Sie mit unseren News auf dem Laufendem<\/p>","protected":false},"author":5,"featured_media":0,"parent":0,"menu_order":25,"comment_status":"closed","ping_status":"closed","template":"","meta":{"footnotes":""},"class_list":["post-6313","page","type-page","status-publish","hentry"],"_links":{"self":[{"href":"https:\/\/www.favorite-mainz.de\/en\/wp-json\/wp\/v2\/pages\/6313","targetHints":{"allow":["GET"]}}],"collection":[{"href":"https:\/\/www.favorite-mainz.de\/en\/wp-json\/wp\/v2\/pages"}],"about":[{"href":"https:\/\/www.favorite-mainz.de\/en\/wp-json\/wp\/v2\/types\/page"}],"author":[{"embeddable":true,"href":"https:\/\/www.favorite-mainz.de\/en\/wp-json\/wp\/v2\/users\/5"}],"replies":[{"embeddable":true,"href":"https:\/\/www.favorite-mainz.de\/en\/wp-json\/wp\/v2\/comments?post=6313"}],"version-history":[{"count":52,"href":"https:\/\/www.favorite-mainz.de\/en\/wp-json\/wp\/v2\/pages\/6313\/revisions"}],"predecessor-version":[{"id":28608,"href":"https:\/\/www.favorite-mainz.de\/en\/wp-json\/wp\/v2\/pages\/6313\/revisions\/28608"}],"wp:attachment":[{"href":"https:\/\/www.favorite-mainz.de\/en\/wp-json\/wp\/v2\/media?parent=6313"}],"curies":[{"name":"wp","href":"https:\/\/api.w.org\/{rel}","templated":true}]}}