{"id":29169,"date":"2025-06-23T13:44:24","date_gmt":"2025-06-23T11:44:24","guid":{"rendered":"https:\/\/www.favorite-mainz.de\/?page_id=29169"},"modified":"2026-02-24T15:38:13","modified_gmt":"2026-02-24T14:38:13","slug":"webseite-in-leichter-sprache","status":"publish","type":"page","link":"https:\/\/www.favorite-mainz.de\/en\/webseite-in-leichter-sprache\/","title":{"rendered":"Webseite in leichter Sprache"},"content":{"rendered":"<div data-elementor-type=\"wp-page\" data-elementor-id=\"29169\" class=\"elementor elementor-29169\" data-elementor-settings=\"{&quot;ha_cmc_init_switcher&quot;:&quot;no&quot;}\" data-elementor-post-type=\"page\">\n\t\t\t\t\t\t<section class=\"elementor-section elementor-top-section elementor-element elementor-element-793c4435 elementor-section-full_width elementor-section-height-default elementor-section-height-default\" data-id=\"793c4435\" data-element_type=\"section\" data-e-type=\"section\" id=\"pagetop\" data-settings=\"{&quot;_ha_eqh_enable&quot;:false}\">\n\t\t\t\t\t\t<div class=\"elementor-container elementor-column-gap-no\">\n\t\t\t\t\t<div class=\"elementor-column elementor-col-100 elementor-top-column elementor-element elementor-element-57ee2da1\" data-id=\"57ee2da1\" data-element_type=\"column\" data-e-type=\"column\">\n\t\t\t<div class=\"elementor-widget-wrap elementor-element-populated\">\n\t\t\t\t\t\t<div class=\"elementor-element elementor-element-39e41ff1 elementor--h-position-center elementor--v-position-middle elementor-arrows-position-inside elementor-pagination-position-inside elementor-widget elementor-widget-slides\" data-id=\"39e41ff1\" data-element_type=\"widget\" data-e-type=\"widget\" data-settings=\"{&quot;navigation&quot;:&quot;both&quot;,&quot;autoplay&quot;:&quot;yes&quot;,&quot;pause_on_hover&quot;:&quot;yes&quot;,&quot;pause_on_interaction&quot;:&quot;yes&quot;,&quot;autoplay_speed&quot;:5000,&quot;infinite&quot;:&quot;yes&quot;,&quot;transition&quot;:&quot;slide&quot;,&quot;transition_speed&quot;:500}\" data-widget_type=\"slides.default\">\n\t\t\t\t<div class=\"elementor-widget-container\">\n\t\t\t\t\t\t\t\t\t<div class=\"elementor-swiper\">\n\t\t\t\t\t<div class=\"elementor-slides-wrapper elementor-main-swiper swiper\" role=\"region\" aria-roledescription=\"carousel\" aria-label=\"Slider\" dir=\"ltr\" data-animation=\"fadeInUp\">\n\t\t\t\t<div class=\"swiper-wrapper elementor-slides\">\n\t\t\t\t\t\t\t\t\t\t<div class=\"elementor-repeater-item-dc661c2 swiper-slide\" role=\"group\" aria-roledescription=\"slide\"><div class=\"swiper-slide-bg\" role=\"img\" aria-label=\"Rezeption-3549\"><\/div><div class=\"swiper-slide-inner\" ><div class=\"swiper-slide-contents\"><\/div><\/div><\/div><div class=\"elementor-repeater-item-e0930ef swiper-slide\" role=\"group\" aria-roledescription=\"slide\"><div class=\"swiper-slide-bg\" role=\"img\" aria-label=\"Au\u00dfen_Parkseite_3185_XXL_RGB-copy-2\"><\/div><div class=\"swiper-slide-inner\" ><div class=\"swiper-slide-contents\"><\/div><\/div><\/div>\t\t\t\t<\/div>\n\t\t\t\t\t\t\t\t\t\t\t\t\t\t\t<div class=\"elementor-swiper-button elementor-swiper-button-prev\" role=\"button\" tabindex=\"0\" aria-label=\"Vorheriger Slide\">\n\t\t\t\t\t\t\t<i aria-hidden=\"true\" class=\"eicon-chevron-left\"><\/i>\t\t\t\t\t\t<\/div>\n\t\t\t\t\t\t<div class=\"elementor-swiper-button elementor-swiper-button-next\" role=\"button\" tabindex=\"0\" aria-label=\"N\u00e4chster Slide\">\n\t\t\t\t\t\t\t<i aria-hidden=\"true\" class=\"eicon-chevron-right\"><\/i>\t\t\t\t\t\t<\/div>\n\t\t\t\t\t\t\t\t\t\t\t\t\t\t\t\t<div class=\"swiper-pagination\"><\/div>\n\t\t\t\t\t\t\t\t\t\t\t\t<\/div>\n\t\t\t\t<\/div>\n\t\t\t\t\t\t\t\t<\/div>\n\t\t\t\t<\/div>\n\t\t\t\t\t<\/div>\n\t\t<\/div>\n\t\t\t\t\t<\/div>\n\t\t<\/section>\n\t\t\t\t<section class=\"elementor-section elementor-top-section elementor-element elementor-element-841a296 elementor-section-boxed elementor-section-height-default elementor-section-height-default elementor-invisible\" data-id=\"841a296\" data-element_type=\"section\" data-e-type=\"section\" data-settings=\"{&quot;animation&quot;:&quot;fadeInUp&quot;,&quot;_ha_eqh_enable&quot;:false}\">\n\t\t\t\t\t\t<div class=\"elementor-container elementor-column-gap-default\">\n\t\t\t\t\t<div class=\"elementor-column elementor-col-100 elementor-top-column elementor-element elementor-element-9f82e8c\" data-id=\"9f82e8c\" data-element_type=\"column\" data-e-type=\"column\">\n\t\t\t<div class=\"elementor-widget-wrap elementor-element-populated\">\n\t\t\t\t\t\t<div class=\"elementor-element elementor-element-7c203bf elementor-widget elementor-widget-heading\" data-id=\"7c203bf\" data-element_type=\"widget\" data-e-type=\"widget\" data-widget_type=\"heading.default\">\n\t\t\t\t<div class=\"elementor-widget-container\">\n\t\t\t\t\t<h1 class=\"elementor-heading-title elementor-size-default\">Webseite in leichter Sprache<\/h1>\t\t\t\t<\/div>\n\t\t\t\t<\/div>\n\t\t\t\t\t<\/div>\n\t\t<\/div>\n\t\t\t\t\t<\/div>\n\t\t<\/section>\n\t\t\t\t<section class=\"elementor-section elementor-top-section elementor-element elementor-element-876c57e elementor-section-boxed elementor-section-height-default elementor-section-height-default\" data-id=\"876c57e\" data-element_type=\"section\" data-e-type=\"section\" data-settings=\"{&quot;_ha_eqh_enable&quot;:false}\">\n\t\t\t\t\t\t<div class=\"elementor-container elementor-column-gap-default\">\n\t\t\t\t\t<div class=\"elementor-column elementor-col-50 elementor-top-column elementor-element elementor-element-1e3bf47\" data-id=\"1e3bf47\" data-element_type=\"column\" data-e-type=\"column\">\n\t\t\t<div class=\"elementor-widget-wrap elementor-element-populated\">\n\t\t\t\t\t\t<div data-ha-element-link=\"{&quot;url&quot;:&quot;https:\\\/\\\/www.opentable.de\\\/s?affiliaterestaurantid=11619&#038;restref=11619&#038;latitude=49.9899442&#038;longitude=8.2895293&#038;sortBy=distance&#038;corrid=e830179c-d9ce-43ff-9432-cd0b30f9b769&#038;metroId=287&#038;queryUnderstandingType=none&quot;,&quot;is_external&quot;:&quot;on&quot;,&quot;nofollow&quot;:&quot;&quot;}\" style=\"cursor: pointer\" class=\"elementor-element elementor-element-312a5f5 elementor-position-inline-start elementor-mobile-position-inline-start um-buchen elementor-view-default ha-has-bg-overlay elementor-widget elementor-widget-icon-box\" data-id=\"312a5f5\" data-element_type=\"widget\" data-e-type=\"widget\" data-widget_type=\"icon-box.default\">\n\t\t\t\t<div class=\"elementor-widget-container\">\n\t\t\t\t\t\t\t<div class=\"elementor-icon-box-wrapper\">\n\n\t\t\t\t\t\t<div class=\"elementor-icon-box-icon\">\n\t\t\t\t<a href=\"https:\/\/www.opentable.de\/s?affiliaterestaurantid=11619&#038;restref=11619&#038;latitude=49.9899442&#038;longitude=8.2895293&#038;sortBy=distance&#038;corrid=e830179c-d9ce-43ff-9432-cd0b30f9b769&#038;metroId=287&#038;queryUnderstandingType=none\" target=\"_blank\" class=\"elementor-icon\" tabindex=\"-1\" rel=\"noopener\">\n\t\t\t\t<svg xmlns=\"http:\/\/www.w3.org\/2000\/svg\" id=\"Ebene_2\" data-name=\"Ebene 2\" viewbox=\"0 0 139.89 139.948\"><defs><style>      .cls-1 {        fill: #9e4d6f;        stroke-width: 0px;      }    <\/style><\/defs><g id=\"Ebene_1-2\" data-name=\"Ebene 1\"><path class=\"cls-1\" d=\"m70.052,0c8.81.01,14.4,8.61,11.39,16.7-.123.337.05.71.387.834.03.011.061.02.093.026,27.42,5.59,47.23,28.45,49.66,56.23.027.353.22.553.58.6,1.7.21,4.75-.22,6.11.81,2.19,1.65,2.17,5.44-.14,6.65-.7.367-1.95.553-3.75.56-8.893.027-30.373.017-64.44-.03-34.073-.047-55.553-.097-64.44-.15-1.8-.013-3.05-.203-3.75-.57-2.31-1.22-2.32-5.01-.12-6.65,1.36-1.03,4.41-.59,6.11-.8.36-.047.553-.247.58-.6,2.51-27.77,22.38-50.57,49.82-56.08.353-.065.587-.404.522-.757-.007-.039-.018-.076-.032-.113C55.632,8.57,61.252-.02,70.052,0Zm4.12,12.22c0-2.231-1.809-4.04-4.04-4.04s-4.04,1.809-4.04,4.04,1.809,4.04,4.04,4.04,4.04-1.809,4.04-4.04Zm-4.16,62.24c29.147-.013,46.757-.047,52.83-.1.364-.008.653-.311.645-.675,0-.022-.002-.043-.005-.065-2.187-17.787-10.697-31.443-25.53-40.97-8.507-5.467-17.823-8.197-27.95-8.19-10.133,0-19.453,2.737-27.96,8.21-14.827,9.533-23.327,23.193-25.5,40.98-.039.362.224.688.586.726.018.002.036.003.054.004,6.073.06,23.683.087,52.83.08Z\"><\/path><path class=\"cls-1\" d=\"m98.582,106.38c3.307-3.4,7.1-7.207,11.38-11.42,3.567-3.513,7.54-4.823,11.92-3.93,9.88,2.02,12.88,14.14,5.86,20.93-1.133,1.087-9.14,9.08-24.02,23.98-4.5,4.51-8.96,3.99-15.19,3.99-36.347-.013-61.677-.033-75.99-.06-2.907-.007-4.377-1.467-4.41-4.38-.113-10.433-.117-21.043-.01-31.83.027-3.18,1.507-4.74,4.44-4.68.08,0,4.987-.013,14.72-.04.347,0,.647-.117.9-.35,1.73-1.62,3.42-3.41,5.51-4.74,9.12-5.76,18.783-6.337,28.99-1.73,1.333.607,3.99,2.557,7.97,5.85,1.91,1.58,8.09,1.01,12.74,1,7.12-.01,11.3,1.11,14.46,7.3.12.224.398.309.622.189.04-.021.076-.048.108-.079Zm-32.93,19.48c-2.64,2.5-6.6.2-6.51-3.22.07-2.92,3.9-5.52,6.31-6.44,1.193-.453,3.027-.687,5.5-.7,7.667-.033,12.73-.097,15.19-.19,2.333-.093,3.8-1.267,4.4-3.52.047-.193.07-.307.07-.34-.24-2.68-1.52-4.05-3.84-4.11-1.74-.047-5.633-.09-11.68-.13-2.74-.02-6.71-.64-8.27-1.92-3.387-2.773-5.667-4.497-6.84-5.17-8.79-5.05-19.74-3.23-26.16,4.48-.485.582-.75,1.314-.75,2.07v24.28c0,.409.336.74.75.74h0c15.547.007,35.48-.007,59.8-.04,2.12,0,3.27-.37,4.73-1.83,10.427-10.393,18.333-18.317,23.72-23.77,1.767-1.787,1.96-3.527.58-5.22l-.2-.24c-1.88-2.313-3.91-2.4-6.09-.26-6.013,5.913-13.187,13.073-21.52,21.48-1.06,1.067-2.11,1.603-3.15,1.61-7.707.013-14.457.03-20.25.05-2.77.01-3.74.45-5.79,2.39Zm-40.57-18.02c0-.37-.3-.67-.67-.67h-7.4c-.37,0-.67.3-.67.67v23.16c0,.37.3.67.67.67h7.4c.37,0,.67-.3.67-.67v-23.16Z\"><\/path><\/g><\/svg>\t\t\t\t<\/a>\n\t\t\t<\/div>\n\t\t\t\n\t\t\t\t\t\t<div class=\"elementor-icon-box-content\">\n\n\t\t\t\t\n\t\t\t\t\t\t\t\t\t<p class=\"elementor-icon-box-description\">\n\t\t\t\t\t\tReserve a table\t\t\t\t\t<\/p>\n\t\t\t\t\n\t\t\t<\/div>\n\t\t\t\n\t\t<\/div>\n\t\t\t\t\t\t<\/div>\n\t\t\t\t<\/div>\n\t\t\t\t\t<\/div>\n\t\t<\/div>\n\t\t\t\t<div class=\"elementor-column elementor-col-50 elementor-top-column elementor-element elementor-element-9175137\" data-id=\"9175137\" data-element_type=\"column\" data-e-type=\"column\">\n\t\t\t<div class=\"elementor-widget-wrap elementor-element-populated\">\n\t\t\t\t\t\t<div data-ha-element-link=\"{&quot;url&quot;:&quot;https:\\\/\\\/booking.favorite-mainz.de\\\/favorite-parkhotel&quot;,&quot;is_external&quot;:&quot;on&quot;,&quot;nofollow&quot;:&quot;on&quot;}\" style=\"cursor: pointer\" class=\"elementor-element elementor-element-a510280 elementor-position-inline-start elementor-mobile-position-inline-start um-buchen elementor-view-default ha-has-bg-overlay elementor-widget elementor-widget-icon-box\" data-id=\"a510280\" data-element_type=\"widget\" data-e-type=\"widget\" data-widget_type=\"icon-box.default\">\n\t\t\t\t<div class=\"elementor-widget-container\">\n\t\t\t\t\t\t\t<div class=\"elementor-icon-box-wrapper\">\n\n\t\t\t\t\t\t<div class=\"elementor-icon-box-icon\">\n\t\t\t\t<a href=\"https:\/\/booking.favorite-mainz.de\/favorite-parkhotel\" target=\"_blank\" rel=\"nofollow\" class=\"elementor-icon\" tabindex=\"-1\">\n\t\t\t\t<svg xmlns=\"http:\/\/www.w3.org\/2000\/svg\" id=\"Ebene_2\" data-name=\"Ebene 2\" viewbox=\"0 0 140.081 120.916\"><defs><style>      .cls-1 {        fill: #9e4d6f;        stroke-width: 0px;      }    <\/style><\/defs><g id=\"Ebene_1-2\" data-name=\"Ebene 1\"><path class=\"cls-1\" d=\"m70.035.036c24.927,0,37.807-.01,38.64-.03,8.74-.22,15.35,5.88,15.37,14.73.02,8.893.02,21.513,0,37.86,0,.533.257.87.77,1.01,7.027,1.973,11.773,6.54,14.24,13.7.673,1.96,1.013,5.103,1.02,9.43.02,12.8-.017,21.38-.11,25.74-.053,2.547-1.393,3.913-4.02,4.1-3.76.26-7.467.28-11.12.06-.419-.028-.781.29-.808.708-.001.017-.002.034-.002.052v9.41c0,2.367-1.167,3.71-3.5,4.03-.313.047-.477.07-.49.07-2.713-.273-4.087-1.593-4.12-3.96l-.12-9.61c-.006-.364-.243-.655-.53-.65-15.14-.06-30.21-.09-45.21-.09s-30.08.033-45.22.1c-.287-.005-.524.286-.53.65l-.12,9.61c-.033,2.367-1.407,3.687-4.12,3.96-.013,0-.177-.023-.49-.07-2.333-.32-3.5-1.663-3.5-4.03v-9.41c0-.42-.339-.761-.758-.762-.017,0-.034,0-.052.002-3.653.22-7.36.2-11.12-.06-2.627-.187-3.967-1.553-4.02-4.1C.022,98.126-.015,89.546.005,76.746c0-4.327.337-7.47,1.01-9.43,2.467-7.16,7.213-11.727,14.24-13.7.513-.14.77-.477.77-1.01-.02-16.347-.023-28.967-.01-37.86C16.035,5.896,22.645-.204,31.385.016c.833.02,13.717.027,38.65.02Zm0,26.19c6.58,0,10.753.043,12.52.13,10.28.5,18.82,7.99,19.35,18.69.153,3.067.203,5.44.15,7.12-.011.331.248.609.58.62.007,0,.014,0,.02,0h12.62c.34,0,.51-.173.51-.52.007-4.6.01-16.077.01-34.43,0-5.42-.41-9.44-6.73-9.51-8.213-.08-21.223-.12-39.03-.12s-30.827.043-39.04.13c-6.32.07-6.73,4.09-6.72,9.51,0,18.353.003,29.83.01,34.43,0,.347.17.52.51.52l12.62-.01c.331,0,.6-.268.6-.6,0-.007,0-.014,0-.02-.053-1.68-.003-4.053.15-7.12.53-10.7,9.07-18.19,19.35-18.69,1.767-.087,5.94-.13,12.52-.13Zm-22.95,26.55h45.9c.342,0,.62-.278.62-.62h0v-6.07c0-6.291-5.247-11.39-11.72-11.39h-23.7c-6.473,0-11.72,5.099-11.72,11.39v6.07c0,.342.278.62.62.62ZM9.105,98.336h121.88c.503,0,.91-.407.91-.91v-22.62c0-7.682-6.281-13.91-14.03-13.91H22.225c-7.749,0-14.03,6.228-14.03,13.91v22.62c0,.503.407.91.91.91Z\"><\/path><\/g><\/svg>\t\t\t\t<\/a>\n\t\t\t<\/div>\n\t\t\t\n\t\t\t\t\t\t<div class=\"elementor-icon-box-content\">\n\n\t\t\t\t\n\t\t\t\t\t\t\t\t\t<p class=\"elementor-icon-box-description\">\n\t\t\t\t\t\tBook your room\t\t\t\t\t<\/p>\n\t\t\t\t\n\t\t\t<\/div>\n\t\t\t\n\t\t<\/div>\n\t\t\t\t\t\t<\/div>\n\t\t\t\t<\/div>\n\t\t\t\t\t<\/div>\n\t\t<\/div>\n\t\t\t\t\t<\/div>\n\t\t<\/section>\n\t\t\t\t<section class=\"elementor-section elementor-top-section elementor-element elementor-element-d790204 elementor-section-boxed elementor-section-height-default elementor-section-height-default\" data-id=\"d790204\" data-element_type=\"section\" data-e-type=\"section\" data-settings=\"{&quot;_ha_eqh_enable&quot;:false}\">\n\t\t\t\t\t\t<div class=\"elementor-container elementor-column-gap-default\">\n\t\t\t\t\t<div class=\"elementor-column elementor-col-100 elementor-top-column elementor-element elementor-element-ccdea5e\" data-id=\"ccdea5e\" data-element_type=\"column\" data-e-type=\"column\">\n\t\t\t<div class=\"elementor-widget-wrap elementor-element-populated\">\n\t\t\t\t\t\t<div class=\"elementor-element elementor-element-410916a elementor-widget elementor-widget-text-editor\" data-id=\"410916a\" data-element_type=\"widget\" data-e-type=\"widget\" data-widget_type=\"text-editor.default\">\n\t\t\t\t<div class=\"elementor-widget-container\">\n\t\t\t\t\t\t\t\t\t<h2><strong>Willkommen im FAVORITE Parkhotel Mainz!<\/strong><\/h2><p>Unser Hotel ist ein<strong> 4-Sterne-Hotel<\/strong>.<\/p><p>Es geh\u00f6rt seit \u00fcber 50 Jahren der Familie Barth.<\/p><p>Das Hotel liegt <strong>nah am Rosengarten in Mainz<\/strong>.<\/p><p>Im gro\u00dfen Stadtpark k\u00f6nnen Sie spazieren gehen und sich entspannen.<\/p><p>Wir haben:<\/p><ul><li>sch\u00f6ne Terrassen,<\/li><li>ein Restaurant,<\/li><li>einen Biergarten<\/li><li>einen Spa-Bereich auf dem Dach<br \/><br \/><\/li><\/ul><p>In unserer Wein-Bar k\u00f6nnen Sie den Abend genie\u00dfen.<\/p><p>Wir haben den Preis &#8222;Hotelier des Jahres 2019&#8220; gewonnen.<\/p><p>Unser Hotel ist gut f\u00fcr viele Anl\u00e4sse.<\/p><p>Es gibt kostenloses WLAN und gro\u00dfe R\u00e4ume f\u00fcr Meetings.<\/p><p>Es ist auch ein toller Ort f\u00fcr Feiern und Hochzeiten.<\/p><p>Wir bieten auch Massagen an.<\/p><p>Unser Service umfasst:<\/p><ul><li>Rezeption rund um die Uhr<\/li><li>Gro\u00dfes Fr\u00fchst\u00fcck<\/li><li>Kostenloses WLAN<\/li><li>W\u00e4scheservice<\/li><li>Ironing service.<\/li><li>Transfer zum Flughafen<\/li><li>Kostenlose Parkpl\u00e4tze<\/li><li>Schnelles Ein- und Auschecken<\/li><li>Urlaubsprogramme und Ausfl\u00fcge<\/li><li>Programm f\u00fcr Kinder<\/li><li>Kostenlose Cocktailkurse<\/li><li>Wellness offers.<\/li><li>Aktivit\u00e4ten drau\u00dfen<\/li><li>Gro\u00dfe Fl\u00e4chen f\u00fcr Events<\/li><li>Eigene Tiefgarage (kostet extra)<\/li><\/ul><p>We are looking forward to welcoming you!<\/p>\t\t\t\t\t\t\t\t<\/div>\n\t\t\t\t<\/div>\n\t\t\t\t\t<\/div>\n\t\t<\/div>\n\t\t\t\t\t<\/div>\n\t\t<\/section>\n\t\t\t\t<\/div>","protected":false},"excerpt":{"rendered":"<p>Webseite in leichter Sprache Tisch buchen Zimmer buchen Willkommen im FAVORITE Parkhotel Mainz! Unser Hotel ist ein 4-Sterne-Hotel. Es geh\u00f6rt seit \u00fcber 50 Jahren der Familie Barth. Das Hotel liegt nah am Rosengarten in Mainz. Im gro\u00dfen Stadtpark k\u00f6nnen Sie spazieren gehen und sich entspannen. Wir haben: sch\u00f6ne Terrassen, ein Restaurant, einen Biergarten einen Spa-Bereich [&hellip;]<\/p>\n","protected":false},"author":6,"featured_media":0,"parent":0,"menu_order":41,"comment_status":"closed","ping_status":"closed","template":"","meta":{"footnotes":""},"class_list":["post-29169","page","type-page","status-publish","hentry"],"_links":{"self":[{"href":"https:\/\/www.favorite-mainz.de\/en\/wp-json\/wp\/v2\/pages\/29169","targetHints":{"allow":["GET"]}}],"collection":[{"href":"https:\/\/www.favorite-mainz.de\/en\/wp-json\/wp\/v2\/pages"}],"about":[{"href":"https:\/\/www.favorite-mainz.de\/en\/wp-json\/wp\/v2\/types\/page"}],"author":[{"embeddable":true,"href":"https:\/\/www.favorite-mainz.de\/en\/wp-json\/wp\/v2\/users\/6"}],"replies":[{"embeddable":true,"href":"https:\/\/www.favorite-mainz.de\/en\/wp-json\/wp\/v2\/comments?post=29169"}],"version-history":[{"count":17,"href":"https:\/\/www.favorite-mainz.de\/en\/wp-json\/wp\/v2\/pages\/29169\/revisions"}],"predecessor-version":[{"id":31331,"href":"https:\/\/www.favorite-mainz.de\/en\/wp-json\/wp\/v2\/pages\/29169\/revisions\/31331"}],"wp:attachment":[{"href":"https:\/\/www.favorite-mainz.de\/en\/wp-json\/wp\/v2\/media?parent=29169"}],"curies":[{"name":"wp","href":"https:\/\/api.w.org\/{rel}","templated":true}]}}