{"id":29160,"date":"2025-06-23T13:10:53","date_gmt":"2025-06-23T11:10:53","guid":{"rendered":"https:\/\/www.favorite-mainz.de\/?page_id=29160"},"modified":"2025-06-23T14:03:00","modified_gmt":"2025-06-23T12:03:00","slug":"barrierefreiheitserklaerung","status":"publish","type":"page","link":"https:\/\/www.favorite-mainz.de\/en\/barrierefreiheitserklaerung\/","title":{"rendered":"Accessibility statement."},"content":{"rendered":"<div data-elementor-type=\"wp-page\" data-elementor-id=\"29160\" class=\"elementor elementor-29160\" data-elementor-settings=\"{&quot;ha_cmc_init_switcher&quot;:&quot;no&quot;}\" data-elementor-post-type=\"page\">\n\t\t\t\t\t\t<section class=\"elementor-section elementor-top-section elementor-element elementor-element-82db2af elementor-section-boxed elementor-section-height-default elementor-section-height-default\" data-id=\"82db2af\" data-element_type=\"section\" data-e-type=\"section\" data-settings=\"{&quot;_ha_eqh_enable&quot;:false}\">\n\t\t\t\t\t\t<div class=\"elementor-container elementor-column-gap-default\">\n\t\t\t\t\t<div class=\"elementor-column elementor-col-100 elementor-top-column elementor-element elementor-element-a59fe41\" data-id=\"a59fe41\" data-element_type=\"column\" data-e-type=\"column\">\n\t\t\t<div class=\"elementor-widget-wrap elementor-element-populated\">\n\t\t\t\t\t\t<div class=\"elementor-element elementor-element-0b20b05 elementor-widget elementor-widget-heading\" data-id=\"0b20b05\" data-element_type=\"widget\" data-e-type=\"widget\" data-widget_type=\"heading.default\">\n\t\t\t\t<div class=\"elementor-widget-container\">\n\t\t\t\t\t<h1 class=\"elementor-heading-title elementor-size-default\">Unsere Barrierefreiheitserkl\u00e4rung<\/h1>\t\t\t\t<\/div>\n\t\t\t\t<\/div>\n\t\t\t\t<div class=\"elementor-element elementor-element-0279388 elementor-widget elementor-widget-text-editor\" data-id=\"0279388\" data-element_type=\"widget\" data-e-type=\"widget\" data-widget_type=\"text-editor.default\">\n\t\t\t\t<div class=\"elementor-widget-container\">\n\t\t\t\t\t\t\t\t\t<p>Name und Anschrift des Unternehmens:<\/p><p>FAVORITE parkhotel GmbH<br \/>Karl-Weiser Str. 1<br \/>55131 Mainz<\/p><p>Phone: <a href=\"tel:+49613180150\">+49 (0) 6131 \/ 80 15 0<\/a><br \/>E-Mail:<a href=\"mailto:empfang@favorite-mainz.de\">empfang@favorite-mainz.de<\/a><br \/>Internet: <a href=\"https:\/\/www.favorite-mainz.de\/en\/\" target=\"_blank\" rel=\"noopener\">www.favorite-mainz.de<\/a><\/p><h3>Einleitung<\/h3><p>Die FAVORITE parkhotel GmbH ist bestrebt, ihre Website www.favorite-mainz.de in \u00dcbereinstimmung mit dem Barrierefreiheitsst\u00e4rkungsgesetz (BFSG) barrierefrei zug\u00e4nglich zu machen.<\/p><p>Diese Erkl\u00e4rung zur Barrierefreiheit gilt f\u00fcr die Website www.favorite-mainz.de.<\/p><h3>Stand der Vereinbarkeit mit den Anforderungen<\/h3><p>Die Website www.favorite-mainz.de ist aufgrund der folgenden Unvereinbarkeiten und Ausnahmen teilweise mit dem Barrierefreiheitsst\u00e4rkungsgesetz (BFSG) vereinbar.<\/p><h3>Nicht barrierefreie Inhalte<\/h3><p>Die nachstehend aufgef\u00fchrten Inhalte sind aus den folgenden Gr\u00fcnden nicht barrierefrei:<\/p><ul><li>PDF-Dokumente: Einige unserer PDF-Dokumente sind nicht barrierefrei. Wir arbeiten daran, diese so schnell wie m\u00f6glich anzupassen oder barrierefreie Alternativen bereitzustellen.<\/li><li>Videos: Einige unserer eingebetteten Videos verf\u00fcgen derzeit nicht \u00fcber Untertitel. Wir bem\u00fchen uns, in Zukunft alle Videos mit Untertiteln zu versehen.<\/li><li>Bilder ohne Alternativtext: Einige Bilder auf der Website haben keinen Alternativtext. Wir \u00fcberpr\u00fcfen und aktualisieren diese Inhalte laufend.<\/li><\/ul><h3>Barrieren aufgrund wirtschaftlicher Unzumutbarkeit<\/h3><p>Einige Barrieren auf unserer Website k\u00f6nnen aus Gr\u00fcnden der wirtschaftlichen Zumutbarkeit nicht kurzfristig behoben werden.<\/p><p>Dazu geh\u00f6ren:<\/p><ul><li>Komplexe interaktive Anwendungen z. B. Games: Bestimmte interaktive Anwendungen und spezielle Funktionen auf unserer Website erfordern erhebliche finanzielle und personelle Ressourcen, um sie vollst\u00e4ndig barrierefrei zu gestalten. Wir pr\u00fcfen kontinuierlich M\u00f6glichkeiten zur Verbesserung, k\u00f6nnen jedoch aufgrund der hohen Kosten nicht alle Barrieren sofort beseitigen.<\/li><li>Historische Inhalte: \u00c4ltere Inhalte, die vor dem Inkrafttreten der aktuellen Barrierefreiheitsrichtlinien erstellt wurden, sind m\u00f6glicherweise nicht vollst\u00e4ndig barrierefrei. Eine nachtr\u00e4gliche Anpassung dieser Inhalte w\u00fcrde unverh\u00e4ltnism\u00e4\u00dfig hohe Aufwendungen erfordern. Neue Inhalte werden jedoch nach den aktuellen Standards erstellt.<\/li><\/ul><h3>Barrieren melden, Feedback und Kontaktangaben<\/h3><p>Sind Ihnen Barrieren beim Zugang zu Inhalten auf www.favorite-mainz.de aufgefallen? Dann k\u00f6nnen Sie sich gerne bei uns melden. Wir freuen uns auf Ihr Feedback und bem\u00fchen uns, die gemeldeten Barrieren in Rahmen der technischen und wirtschaftlichen M\u00f6glichkeiten schnellstm\u00f6glich zu beheben. Bitte teilen Sie uns mit, auf welche Seite und bei welcher Funktion Sie auf Barrieren gesto\u00dfen sind. Kopieren Sie hierf\u00fcr einfach den Link aus der Adresszeile Ihres Browsers. Sie k\u00f6nnen uns \u00fcber folgende Wege Barrieren melden:<\/p><p>Phone: <a href=\"tel:+49613180150\">+49 (0) 6131 \/ 80 15 0<\/a><br \/>E-Mail:<a href=\"mailto:empfang@favorite-mainz.de\">empfang@favorite-mainz.de<\/a><\/p><p>Postanschrift: Stichwort Barrieren melden, FAVORITE parkhotel GmbH, Karl-Weiser Str. 1, 55131 Mainz, Deutschland.<\/p><h3>Durchsetzungsstelle<\/h3><p>Sollten Sie auf Mitteilungen oder Anfragen zur Barrierefreiheit keine zufriedenstellenden Antworten erhalten, k\u00f6nnen Sie sich an die Durchsetzungsstelle wenden. Die Durchsetzungsstelle unterst\u00fctzt Sie dabei, Ihre Rechte geltend zu machen.<\/p><p><b>Adresse der Durchsetzungsstelle:<\/b><\/p><p>Schlichtungs-Stelle BGG<br \/>Taubenstra\u00dfe 4-6, 10117 Berlin<br \/>Postanschrift: Mauerstra\u00dfe 53, 10117 Berlin<\/p><p>E-Mail: <a href=\"mailto:info@schlichtungsstelle-bgg.de\">info@schlichtungsstelle-bgg.de<\/a><br \/>Phone: <a href=\"tel:+4930185272805\">+49 30 18527-2805<\/a><br \/>Webseite: <a title=\"Durchsetzungsstelle BGG\" href=\"https:\/\/www.schlichtungsstelle-bgg.de\/Webs\/SchliBGG\/DE\/AS\/startseite\/startseite-node.html\" target=\"_blank\" rel=\"noopener\">www.schlichtungsstelle-bgg.de<\/a><\/p><h3>Datum der Erstellung dieser Erkl\u00e4rung zur Barrierefreiheit<\/h3><p>Diese Erkl\u00e4rung wurde am 15. Juni 2025 erstellt.<\/p><p>Diese Erkl\u00e4rung zur Barrierefreiheit wurde mit gr\u00f6\u00dfter Sorgfalt erstellt und wird regelm\u00e4\u00dfig aktualisiert, um die aktuellen Anforderungen und Standards zu erf\u00fcllen. Dennoch k\u00f6nnen Fehler nicht v\u00f6llig ausgeschlossen werden. Falls Sie Fehler in dieser Erkl\u00e4rung finden, bitten wir um eine kurze R\u00fcckmeldung \u00fcber &#8222;Barrieren melden, Feedback und Kontaktangaben&#8220;, wie sie in diesem Dokument aufgef\u00fchrt sind.<\/p><p>Letztes Update dieses Dokuments erfolgte am 15.06.2025.<\/p><p><a href=\"https:\/\/www.favorite-mainz.de\/en\/kontakt\/webseite-in-leichter-sprache\/\">Unsere Webseite in leichter Sprache.<\/a><\/p>\t\t\t\t\t\t\t\t<\/div>\n\t\t\t\t<\/div>\n\t\t\t\t\t<\/div>\n\t\t<\/div>\n\t\t\t\t\t<\/div>\n\t\t<\/section>\n\t\t\t\t<\/div>","protected":false},"excerpt":{"rendered":"<p>Unsere Barrierefreiheitserkl\u00e4rung Name und Anschrift des Unternehmens: FAVORITE parkhotel GmbH Karl-Weiser Str. 1 55131 Mainz Telefon: +49 (0) 6131 \/ 80 15 0 E-Mail:empfang@favorite-mainz.de Internet: www.favorite-mainz.de Einleitung Die FAVORITE parkhotel GmbH ist bestrebt, ihre Website www.favorite-mainz.de in \u00dcbereinstimmung mit dem Barrierefreiheitsst\u00e4rkungsgesetz (BFSG) barrierefrei zug\u00e4nglich zu machen. Diese Erkl\u00e4rung zur Barrierefreiheit gilt f\u00fcr die Website www.favorite-mainz.de. [&hellip;]<\/p>\n","protected":false},"author":6,"featured_media":0,"parent":0,"menu_order":47,"comment_status":"closed","ping_status":"closed","template":"","meta":{"footnotes":""},"class_list":["post-29160","page","type-page","status-publish","hentry"],"_links":{"self":[{"href":"https:\/\/www.favorite-mainz.de\/en\/wp-json\/wp\/v2\/pages\/29160","targetHints":{"allow":["GET"]}}],"collection":[{"href":"https:\/\/www.favorite-mainz.de\/en\/wp-json\/wp\/v2\/pages"}],"about":[{"href":"https:\/\/www.favorite-mainz.de\/en\/wp-json\/wp\/v2\/types\/page"}],"author":[{"embeddable":true,"href":"https:\/\/www.favorite-mainz.de\/en\/wp-json\/wp\/v2\/users\/6"}],"replies":[{"embeddable":true,"href":"https:\/\/www.favorite-mainz.de\/en\/wp-json\/wp\/v2\/comments?post=29160"}],"version-history":[{"count":12,"href":"https:\/\/www.favorite-mainz.de\/en\/wp-json\/wp\/v2\/pages\/29160\/revisions"}],"predecessor-version":[{"id":29183,"href":"https:\/\/www.favorite-mainz.de\/en\/wp-json\/wp\/v2\/pages\/29160\/revisions\/29183"}],"wp:attachment":[{"href":"https:\/\/www.favorite-mainz.de\/en\/wp-json\/wp\/v2\/media?parent=29160"}],"curies":[{"name":"wp","href":"https:\/\/api.w.org\/{rel}","templated":true}]}}