{"id":22372,"date":"2023-12-06T14:02:14","date_gmt":"2023-12-06T13:02:14","guid":{"rendered":"https:\/\/favorite-mainz.de\/?page_id=22372"},"modified":"2025-01-07T09:50:17","modified_gmt":"2025-01-07T08:50:17","slug":"elementor-22372","status":"publish","type":"page","link":"https:\/\/www.favorite-mainz.de\/en\/elementor-22372\/","title":{"rendered":"Hinweisgeberschutzgesetz"},"content":{"rendered":"<div data-elementor-type=\"wp-page\" data-elementor-id=\"22372\" class=\"elementor elementor-22372\" data-elementor-settings=\"{&quot;ha_cmc_init_switcher&quot;:&quot;no&quot;}\" data-elementor-post-type=\"page\">\n\t\t\t\t\t\t<section class=\"elementor-section elementor-top-section elementor-element elementor-element-665e289d elementor-section-boxed elementor-section-height-default elementor-section-height-default\" data-id=\"665e289d\" data-element_type=\"section\" data-e-type=\"section\" data-settings=\"{&quot;_ha_eqh_enable&quot;:false}\">\n\t\t\t\t\t\t<div class=\"elementor-container elementor-column-gap-default\">\n\t\t\t\t\t<div class=\"elementor-column elementor-col-100 elementor-top-column elementor-element elementor-element-6ea5571f\" data-id=\"6ea5571f\" data-element_type=\"column\" data-e-type=\"column\">\n\t\t\t<div class=\"elementor-widget-wrap elementor-element-populated\">\n\t\t\t\t\t\t<div class=\"elementor-element elementor-element-2ccacb19 elementor-widget elementor-widget-heading\" data-id=\"2ccacb19\" data-element_type=\"widget\" data-e-type=\"widget\" data-widget_type=\"heading.default\">\n\t\t\t\t<div class=\"elementor-widget-container\">\n\t\t\t\t\t<h1 class=\"elementor-heading-title elementor-size-default\">Hinweisgeberschutzgesetz<\/h1>\t\t\t\t<\/div>\n\t\t\t\t<\/div>\n\t\t\t\t<div class=\"elementor-element elementor-element-4c50d00 elementor-widget elementor-widget-text-editor\" data-id=\"4c50d00\" data-element_type=\"widget\" data-e-type=\"widget\" data-widget_type=\"text-editor.default\">\n\t\t\t\t<div class=\"elementor-widget-container\">\n\t\t\t\t\t\t\t\t\t<p>Im Rahmen des Hinweisgeberschutzgesetzes m\u00f6chten wir Ihnen hier die M\u00f6glichkeit geben, unabh\u00e4ngig davon, ob Sie bei uns arbeiten oder nicht, bekannte oder vermutete Verst\u00f6\u00dfe gegen Gesetze und interne Richtlinien bei FAVORITE parkhotel, Hofgut Laubenheimer H\u00f6he oder in unserer Lieferkette zu melden. Wir werden Ihnen R\u00fcckmeldung geben und dabei die Vertraulichkeit aller Beteiligten wahren, Sie vor Benachteiligungen sch\u00fctzen und Ihre Meldung vertraulich behandeln.<br>Vielen Dank!<\/p>\t\t\t\t\t\t\t\t<\/div>\n\t\t\t\t<\/div>\n\t\t\t\t<div class=\"elementor-element elementor-element-818ccb elementor-align-center elementor-widget elementor-widget-button\" data-id=\"818ccb\" data-element_type=\"widget\" data-e-type=\"widget\" data-widget_type=\"button.default\">\n\t\t\t\t<div class=\"elementor-widget-container\">\n\t\t\t\t\t\t\t\t\t<div class=\"elementor-button-wrapper\">\n\t\t\t\t\t<a class=\"elementor-button elementor-button-link elementor-size-sm\" href=\"mailto:beschwerde@favorite-mainz.de\">\n\t\t\t\t\t\t<span class=\"elementor-button-content-wrapper\">\n\t\t\t\t\t\t\t\t\t<span class=\"elementor-button-text\">Hinweisgeber-Benachrichtigung<\/span>\n\t\t\t\t\t<\/span>\n\t\t\t\t\t<\/a>\n\t\t\t\t<\/div>\n\t\t\t\t\t\t\t\t<\/div>\n\t\t\t\t<\/div>\n\t\t\t\t\t<\/div>\n\t\t<\/div>\n\t\t\t\t\t<\/div>\n\t\t<\/section>\n\t\t\t\t<\/div>","protected":false},"excerpt":{"rendered":"<p>Hinweisgeberschutzgesetz Im Rahmen des Hinweisgeberschutzgesetzes m\u00f6chten wir Ihnen hier die M\u00f6glichkeit geben, unabh\u00e4ngig davon, ob Sie bei uns arbeiten oder nicht, bekannte oder vermutete Verst\u00f6\u00dfe gegen Gesetze und interne Richtlinien bei FAVORITE parkhotel, Hofgut Laubenheimer H\u00f6he oder in unserer Lieferkette zu melden. Wir werden Ihnen R\u00fcckmeldung geben und dabei die Vertraulichkeit aller Beteiligten wahren, Sie [&hellip;]<\/p>\n","protected":false},"author":5,"featured_media":0,"parent":0,"menu_order":71,"comment_status":"closed","ping_status":"closed","template":"","meta":{"footnotes":""},"class_list":["post-22372","page","type-page","status-publish","hentry"],"_links":{"self":[{"href":"https:\/\/www.favorite-mainz.de\/en\/wp-json\/wp\/v2\/pages\/22372","targetHints":{"allow":["GET"]}}],"collection":[{"href":"https:\/\/www.favorite-mainz.de\/en\/wp-json\/wp\/v2\/pages"}],"about":[{"href":"https:\/\/www.favorite-mainz.de\/en\/wp-json\/wp\/v2\/types\/page"}],"author":[{"embeddable":true,"href":"https:\/\/www.favorite-mainz.de\/en\/wp-json\/wp\/v2\/users\/5"}],"replies":[{"embeddable":true,"href":"https:\/\/www.favorite-mainz.de\/en\/wp-json\/wp\/v2\/comments?post=22372"}],"version-history":[{"count":14,"href":"https:\/\/www.favorite-mainz.de\/en\/wp-json\/wp\/v2\/pages\/22372\/revisions"}],"predecessor-version":[{"id":27490,"href":"https:\/\/www.favorite-mainz.de\/en\/wp-json\/wp\/v2\/pages\/22372\/revisions\/27490"}],"wp:attachment":[{"href":"https:\/\/www.favorite-mainz.de\/en\/wp-json\/wp\/v2\/media?parent=22372"}],"curies":[{"name":"wp","href":"https:\/\/api.w.org\/{rel}","templated":true}]}}